{"id":7018,"date":"2025-04-04T10:41:02","date_gmt":"2025-04-04T10:41:02","guid":{"rendered":"https:\/\/wetumtum.pt\/festivalpapagaio\/?page_id=7018"},"modified":"2025-04-10T19:42:05","modified_gmt":"2025-04-10T19:42:05","slug":"porcelana-da-te-musica25","status":"publish","type":"page","link":"https:\/\/wetumtum.pt\/festivalpapagaio\/porcelana-da-te-musica25\/","title":{"rendered":"Porcelana D\u00e1-te M\u00fasica"},"content":{"rendered":"\t\t<div data-elementor-type=\"wp-page\" data-elementor-id=\"7018\" class=\"elementor elementor-7018\">\n\t\t\t\t\t\t<section class=\"elementor-section elementor-top-section elementor-element elementor-element-6262f928 elementor-section-stretched elementor-section-boxed elementor-section-height-default elementor-section-height-default\" data-id=\"6262f928\" data-element_type=\"section\" data-settings=\"{&quot;stretch_section&quot;:&quot;section-stretched&quot;}\">\n\t\t\t\t\t\t<div class=\"elementor-container elementor-column-gap-default\">\n\t\t\t\t\t<div class=\"elementor-column elementor-col-50 elementor-top-column elementor-element elementor-element-605f2383\" data-id=\"605f2383\" data-element_type=\"column\">\n\t\t\t<div class=\"elementor-widget-wrap\">\n\t\t\t\t\t\t\t<\/div>\n\t\t<\/div>\n\t\t\t\t<div class=\"elementor-column elementor-col-25 elementor-top-column elementor-element elementor-element-151e9fe5\" data-id=\"151e9fe5\" data-element_type=\"column\">\n\t\t\t<div class=\"elementor-widget-wrap elementor-element-populated\">\n\t\t\t\t\t\t<div class=\"elementor-element elementor-element-17c6303b elementor-align-right elementor-widget elementor-widget-button\" data-id=\"17c6303b\" data-element_type=\"widget\" data-widget_type=\"button.default\">\n\t\t\t\t<div class=\"elementor-widget-container\">\n\t\t\t\t\t\t\t\t\t<div class=\"elementor-button-wrapper\">\n\t\t\t\t\t<a class=\"elementor-button elementor-button-link elementor-size-sm\" href=\"https:\/\/wetumtum.pt\/festivalpapagaio\/3-de-maio-25\/\">\n\t\t\t\t\t\t<span class=\"elementor-button-content-wrapper\">\n\t\t\t\t\t\t\t\t\t<span class=\"elementor-button-text\">3 de maio<\/span>\n\t\t\t\t\t<\/span>\n\t\t\t\t\t<\/a>\n\t\t\t\t<\/div>\n\t\t\t\t\t\t\t\t<\/div>\n\t\t\t\t<\/div>\n\t\t\t\t\t<\/div>\n\t\t<\/div>\n\t\t\t\t<div class=\"elementor-column elementor-col-25 elementor-top-column elementor-element elementor-element-586b5919\" data-id=\"586b5919\" data-element_type=\"column\">\n\t\t\t<div class=\"elementor-widget-wrap elementor-element-populated\">\n\t\t\t\t\t\t<div class=\"elementor-element elementor-element-6d94e3e3 elementor-align-right elementor-widget elementor-widget-button\" data-id=\"6d94e3e3\" data-element_type=\"widget\" data-widget_type=\"button.default\">\n\t\t\t\t<div class=\"elementor-widget-container\">\n\t\t\t\t\t\t\t\t\t<div class=\"elementor-button-wrapper\">\n\t\t\t\t\t<a class=\"elementor-button elementor-button-link elementor-size-sm\" href=\"https:\/\/wetumtum.pt\/festivalpapagaio\/4-de-maio-25\/\">\n\t\t\t\t\t\t<span class=\"elementor-button-content-wrapper\">\n\t\t\t\t\t\t\t\t\t<span class=\"elementor-button-text\">4 de maio<\/span>\n\t\t\t\t\t<\/span>\n\t\t\t\t\t<\/a>\n\t\t\t\t<\/div>\n\t\t\t\t\t\t\t\t<\/div>\n\t\t\t\t<\/div>\n\t\t\t\t\t<\/div>\n\t\t<\/div>\n\t\t\t\t\t<\/div>\n\t\t<\/section>\n\t\t\t\t<section class=\"elementor-section elementor-top-section elementor-element elementor-element-5f24976 elementor-section-stretched elementor-section-boxed elementor-section-height-default elementor-section-height-default\" data-id=\"5f24976\" data-element_type=\"section\" data-settings=\"{&quot;stretch_section&quot;:&quot;section-stretched&quot;,&quot;background_background&quot;:&quot;classic&quot;,&quot;shape_divider_top&quot;:&quot;triangle-asymmetrical&quot;,&quot;shape_divider_top_negative&quot;:&quot;yes&quot;,&quot;shape_divider_bottom&quot;:&quot;triangle-asymmetrical&quot;}\">\n\t\t\t\t\t<div class=\"elementor-shape elementor-shape-top\" data-negative=\"true\">\n\t\t\t<svg xmlns=\"http:\/\/www.w3.org\/2000\/svg\" viewBox=\"0 0 1000 100\" preserveAspectRatio=\"none\">\n\t<path class=\"elementor-shape-fill\" d=\"M737.9,94.7L0,0v100h1000V0L737.9,94.7z\"\/>\n<\/svg>\t\t<\/div>\n\t\t\t\t<div class=\"elementor-shape elementor-shape-bottom\" data-negative=\"false\">\n\t\t\t<svg xmlns=\"http:\/\/www.w3.org\/2000\/svg\" viewBox=\"0 0 1000 100\" preserveAspectRatio=\"none\">\n\t<path class=\"elementor-shape-fill\" d=\"M738,99l262-93V0H0v5.6L738,99z\"\/>\n<\/svg>\t\t<\/div>\n\t\t\t\t\t<div class=\"elementor-container elementor-column-gap-default\">\n\t\t\t\t\t<div class=\"elementor-column elementor-col-33 elementor-top-column elementor-element elementor-element-ee8d7ec elementor-invisible\" data-id=\"ee8d7ec\" data-element_type=\"column\" data-settings=\"{&quot;animation&quot;:&quot;fadeIn&quot;}\">\n\t\t\t<div class=\"elementor-widget-wrap elementor-element-populated\">\n\t\t\t\t\t\t<div class=\"elementor-element elementor-element-f7403c9 elementor-widget elementor-widget-spacer\" data-id=\"f7403c9\" data-element_type=\"widget\" data-widget_type=\"spacer.default\">\n\t\t\t\t<div class=\"elementor-widget-container\">\n\t\t\t\t\t\t\t<div class=\"elementor-spacer\">\n\t\t\t<div class=\"elementor-spacer-inner\"><\/div>\n\t\t<\/div>\n\t\t\t\t\t\t<\/div>\n\t\t\t\t<\/div>\n\t\t\t\t<div class=\"elementor-element elementor-element-e2b80ec e-transform elementor-hidden-tablet elementor-widget elementor-widget-image\" data-id=\"e2b80ec\" data-element_type=\"widget\" data-settings=\"{&quot;_transform_rotateZ_effect_mobile&quot;:{&quot;unit&quot;:&quot;px&quot;,&quot;size&quot;:90,&quot;sizes&quot;:[]},&quot;_transform_rotateZ_effect&quot;:{&quot;unit&quot;:&quot;px&quot;,&quot;size&quot;:&quot;&quot;,&quot;sizes&quot;:[]},&quot;_transform_rotateZ_effect_tablet&quot;:{&quot;unit&quot;:&quot;deg&quot;,&quot;size&quot;:&quot;&quot;,&quot;sizes&quot;:[]}}\" data-widget_type=\"image.default\">\n\t\t\t\t<div class=\"elementor-widget-container\">\n\t\t\t\t\t\t\t\t\t\t\t\t\t\t\t<img decoding=\"async\" src=\"https:\/\/wetumtum.pt\/festivalpapagaio\/wp-content\/uploads\/elementor\/thumbs\/workshop-r3uultwtv7yuva92l8hnpd622t0hd8wl0wx93crkqg.png\" title=\"workshop\" alt=\"workshop\" loading=\"lazy\" \/>\t\t\t\t\t\t\t\t\t\t\t\t\t\t\t<\/div>\n\t\t\t\t<\/div>\n\t\t\t\t\t<\/div>\n\t\t<\/div>\n\t\t\t\t<div class=\"elementor-column elementor-col-33 elementor-top-column elementor-element elementor-element-5393360 elementor-invisible\" data-id=\"5393360\" data-element_type=\"column\" data-settings=\"{&quot;animation&quot;:&quot;fadeIn&quot;}\">\n\t\t\t<div class=\"elementor-widget-wrap elementor-element-populated\">\n\t\t\t\t\t\t<div class=\"elementor-element elementor-element-4c2458b elementor-widget elementor-widget-spacer\" data-id=\"4c2458b\" data-element_type=\"widget\" data-widget_type=\"spacer.default\">\n\t\t\t\t<div class=\"elementor-widget-container\">\n\t\t\t\t\t\t\t<div class=\"elementor-spacer\">\n\t\t\t<div class=\"elementor-spacer-inner\"><\/div>\n\t\t<\/div>\n\t\t\t\t\t\t<\/div>\n\t\t\t\t<\/div>\n\t\t\t\t<div class=\"elementor-element elementor-element-2aa40a6 elementor-widget elementor-widget-text-editor\" data-id=\"2aa40a6\" data-element_type=\"widget\" data-widget_type=\"text-editor.default\">\n\t\t\t\t<div class=\"elementor-widget-container\">\n\t\t\t\t\t\t\t\t\t<p><strong>P\u00fablico:<\/strong><br>maiores de 6<\/p>\n<p><b>Dia:<br><\/b>3 e 4 de Maio<\/p>\n<p><strong>Dura\u00e7\u00e3o:<br><\/strong>50 minutos<\/p>\n<p><strong>Local:<br><\/strong>Capela da Vista Alegre<\/p>\n<p><strong>Hor\u00e1rios:<br><\/strong>11h \/ 14h \/ 16h<\/p>\n<p><strong>Bilhete:<\/strong><br>3,00\u20ac<\/p>\t\t\t\t\t\t\t\t<\/div>\n\t\t\t\t<\/div>\n\t\t\t\t<div class=\"elementor-element elementor-element-5343b28 elementor-widget elementor-widget-button\" data-id=\"5343b28\" data-element_type=\"widget\" data-widget_type=\"button.default\">\n\t\t\t\t<div class=\"elementor-widget-container\">\n\t\t\t\t\t\t\t\t\t<div class=\"elementor-button-wrapper\">\n\t\t\t\t\t<a class=\"elementor-button elementor-button-link elementor-size-sm elementor-animation-grow\" href=\"https:\/\/www.bol.pt\/Comprar\/Pesquisa?q=Papagaio&#038;dist=0&#038;e=0\" target=\"_blank\">\n\t\t\t\t\t\t<span class=\"elementor-button-content-wrapper\">\n\t\t\t\t\t\t\t\t\t<span class=\"elementor-button-text\">COMPRAR BILHETE<\/span>\n\t\t\t\t\t<\/span>\n\t\t\t\t\t<\/a>\n\t\t\t\t<\/div>\n\t\t\t\t\t\t\t\t<\/div>\n\t\t\t\t<\/div>\n\t\t\t\t\t<\/div>\n\t\t<\/div>\n\t\t\t\t<div class=\"elementor-column elementor-col-33 elementor-top-column elementor-element elementor-element-96f6a24\" data-id=\"96f6a24\" data-element_type=\"column\">\n\t\t\t<div class=\"elementor-widget-wrap elementor-element-populated\">\n\t\t\t\t\t\t<div class=\"elementor-element elementor-element-9579572 elementor-widget elementor-widget-spacer\" data-id=\"9579572\" data-element_type=\"widget\" data-widget_type=\"spacer.default\">\n\t\t\t\t<div class=\"elementor-widget-container\">\n\t\t\t\t\t\t\t<div class=\"elementor-spacer\">\n\t\t\t<div class=\"elementor-spacer-inner\"><\/div>\n\t\t<\/div>\n\t\t\t\t\t\t<\/div>\n\t\t\t\t<\/div>\n\t\t\t\t<div class=\"elementor-element elementor-element-00d1307 elementor-hidden-mobile elementor-hidden-desktop elementor-hidden-tablet elementor-widget elementor-widget-heading\" data-id=\"00d1307\" data-element_type=\"widget\" data-widget_type=\"heading.default\">\n\t\t\t\t<div class=\"elementor-widget-container\">\n\t\t\t\t\t<h2 class=\"elementor-heading-title elementor-size-default\"><a href=\"https:\/\/www.seistopeia.com\/pescadores-da-lua\" target=\"_blank\">Porcelana D\u00e1-te M\u00fasica<\/a><\/h2>\t\t\t\t<\/div>\n\t\t\t\t<\/div>\n\t\t\t\t<div class=\"elementor-element elementor-element-1f95ad0 elementor-widget elementor-widget-sober-image-slider\" data-id=\"1f95ad0\" data-element_type=\"widget\" data-settings=\"{&quot;autoplay&quot;:&quot;yes&quot;,&quot;autoplay_speed&quot;:5000,&quot;loop&quot;:&quot;yes&quot;}\" data-widget_type=\"sober-image-slider.default\">\n\t\t\t\t<div class=\"elementor-widget-container\">\n\t\t\t\t\t\t\t<div class=\"sober-image-slider\">\n\t\t\t<div class=\"sober-image-slider__item\"><a ><img decoding=\"async\" alt=\"\" src=\"https:\/\/wetumtum.pt\/festivalpapagaio\/wp-content\/uploads\/2022\/02\/porcelana2.jpg\" class=\"skip-lazy\"><\/a><\/div><div class=\"sober-image-slider__item\"><a ><img decoding=\"async\" alt=\"\" src=\"https:\/\/wetumtum.pt\/festivalpapagaio\/wp-content\/uploads\/2022\/02\/porcelana3.jpg\" class=\"skip-lazy\"><\/a><\/div><div class=\"sober-image-slider__item\"><a ><img decoding=\"async\" alt=\"\" src=\"https:\/\/wetumtum.pt\/festivalpapagaio\/wp-content\/uploads\/2022\/02\/porcelana3.jpg\" class=\"skip-lazy\"><\/a><\/div>\t\t<\/div>\n\t\t\t\t\t\t<\/div>\n\t\t\t\t<\/div>\n\t\t\t\t<div class=\"elementor-element elementor-element-218cdd8 elementor-widget elementor-widget-text-editor\" data-id=\"218cdd8\" data-element_type=\"widget\" data-widget_type=\"text-editor.default\">\n\t\t\t\t<div class=\"elementor-widget-container\">\n\t\t\t\t\t\t\t\t\t<p>O desafio \u00e9 para todos: desmistificar a cria\u00e7\u00e3o e a execu\u00e7\u00e3o musical atrav\u00e9s de experi\u00eancias l\u00fadicas e informais, onde a criatividade e a experimenta\u00e7\u00e3o s\u00e3o protagonistas. <br \/><br \/>Nestes workshops, as elegantes pe\u00e7as da Vista Alegre transformam-se em instrumentos inesperados, revelando a sua sonoridade \u00fanica e convidando \u00e0 descoberta de novas formas de express\u00e3o musical. Atrav\u00e9s de ritmos, melodias e jogos sonoros, estimulamos o corpo e a mente num ambiente descontra\u00eddo, onde a curiosidade e a boa disposi\u00e7\u00e3o s\u00e3o sempre bem-vindas.<\/p><p>\u00a0<\/p>\t\t\t\t\t\t\t\t<\/div>\n\t\t\t\t<\/div>\n\t\t\t\t<div class=\"elementor-element elementor-element-72244ca elementor-widget elementor-widget-spacer\" data-id=\"72244ca\" data-element_type=\"widget\" data-widget_type=\"spacer.default\">\n\t\t\t\t<div class=\"elementor-widget-container\">\n\t\t\t\t\t\t\t<div class=\"elementor-spacer\">\n\t\t\t<div class=\"elementor-spacer-inner\"><\/div>\n\t\t<\/div>\n\t\t\t\t\t\t<\/div>\n\t\t\t\t<\/div>\n\t\t\t\t\t<\/div>\n\t\t<\/div>\n\t\t\t\t\t<\/div>\n\t\t<\/section>\n\t\t\t\t<section class=\"elementor-section elementor-top-section elementor-element elementor-element-53aef23 elementor-section-boxed elementor-section-height-default elementor-section-height-default\" data-id=\"53aef23\" data-element_type=\"section\">\n\t\t\t\t\t\t<div class=\"elementor-container elementor-column-gap-default\">\n\t\t\t\t\t<div class=\"elementor-column elementor-col-100 elementor-top-column elementor-element elementor-element-3f35e1f\" data-id=\"3f35e1f\" data-element_type=\"column\">\n\t\t\t<div class=\"elementor-widget-wrap elementor-element-populated\">\n\t\t\t\t\t\t<div class=\"elementor-element elementor-element-225b2be elementor-widget elementor-widget-text-editor\" data-id=\"225b2be\" data-element_type=\"widget\" data-widget_type=\"text-editor.default\">\n\t\t\t\t<div class=\"elementor-widget-container\">\n\t\t\t\t\t\t\t\t\t<p><strong>Formador:<\/strong> <br \/>Artur Carvalho<\/p><p><strong>Ideia Original:<\/strong> <br \/>Bruno Estima<\/p><p><strong>Cria\u00e7\u00e3o:<\/strong> <br \/>CRASSH<\/p><p><strong>Produ\u00e7\u00e3o:<\/strong> <br \/><a href=\"http:\/\/wetumtum.pt\" target=\"_blank\" rel=\"noopener\">WETUMTUM<\/a><\/p>\t\t\t\t\t\t\t\t<\/div>\n\t\t\t\t<\/div>\n\t\t\t\t\t<\/div>\n\t\t<\/div>\n\t\t\t\t\t<\/div>\n\t\t<\/section>\n\t\t\t\t<\/div>\n\t\t","protected":false},"excerpt":{"rendered":"<p>3 de maio 4 de maio P\u00fablico:maiores de 6 Dia:3 e 4 de Maio Dura\u00e7\u00e3o:50&hellip;<\/p>\n","protected":false},"author":1,"featured_media":0,"parent":0,"menu_order":0,"comment_status":"closed","ping_status":"closed","template":"","meta":{"footnotes":""},"class_list":["post-7018","page","type-page","status-publish","hentry"],"_links":{"self":[{"href":"https:\/\/wetumtum.pt\/festivalpapagaio\/wp-json\/wp\/v2\/pages\/7018","targetHints":{"allow":["GET"]}}],"collection":[{"href":"https:\/\/wetumtum.pt\/festivalpapagaio\/wp-json\/wp\/v2\/pages"}],"about":[{"href":"https:\/\/wetumtum.pt\/festivalpapagaio\/wp-json\/wp\/v2\/types\/page"}],"author":[{"embeddable":true,"href":"https:\/\/wetumtum.pt\/festivalpapagaio\/wp-json\/wp\/v2\/users\/1"}],"replies":[{"embeddable":true,"href":"https:\/\/wetumtum.pt\/festivalpapagaio\/wp-json\/wp\/v2\/comments?post=7018"}],"version-history":[{"count":22,"href":"https:\/\/wetumtum.pt\/festivalpapagaio\/wp-json\/wp\/v2\/pages\/7018\/revisions"}],"predecessor-version":[{"id":7712,"href":"https:\/\/wetumtum.pt\/festivalpapagaio\/wp-json\/wp\/v2\/pages\/7018\/revisions\/7712"}],"wp:attachment":[{"href":"https:\/\/wetumtum.pt\/festivalpapagaio\/wp-json\/wp\/v2\/media?parent=7018"}],"curies":[{"name":"wp","href":"https:\/\/api.w.org\/{rel}","templated":true}]}}