{"id":7027,"date":"2025-04-04T10:51:03","date_gmt":"2025-04-04T10:51:03","guid":{"rendered":"https:\/\/wetumtum.pt\/festivalpapagaio\/?page_id=7027"},"modified":"2025-04-09T15:37:31","modified_gmt":"2025-04-09T15:37:31","slug":"titiriscopio","status":"publish","type":"page","link":"https:\/\/wetumtum.pt\/festivalpapagaio\/titiriscopio\/","title":{"rendered":"Titirisc\u00f3pio"},"content":{"rendered":"\t\t<div data-elementor-type=\"wp-page\" data-elementor-id=\"7027\" class=\"elementor elementor-7027\">\n\t\t\t\t\t\t<section class=\"elementor-section elementor-top-section elementor-element elementor-element-23264641 elementor-section-stretched elementor-section-boxed elementor-section-height-default elementor-section-height-default\" data-id=\"23264641\" data-element_type=\"section\" data-settings=\"{&quot;stretch_section&quot;:&quot;section-stretched&quot;}\">\n\t\t\t\t\t\t<div class=\"elementor-container elementor-column-gap-default\">\n\t\t\t\t\t<div class=\"elementor-column elementor-col-50 elementor-top-column elementor-element elementor-element-11a58e7\" data-id=\"11a58e7\" data-element_type=\"column\">\n\t\t\t<div class=\"elementor-widget-wrap\">\n\t\t\t\t\t\t\t<\/div>\n\t\t<\/div>\n\t\t\t\t<div class=\"elementor-column elementor-col-25 elementor-top-column elementor-element elementor-element-1ff9f5c6\" data-id=\"1ff9f5c6\" data-element_type=\"column\">\n\t\t\t<div class=\"elementor-widget-wrap elementor-element-populated\">\n\t\t\t\t\t\t<div class=\"elementor-element elementor-element-21d3ced8 elementor-align-right elementor-widget elementor-widget-button\" data-id=\"21d3ced8\" data-element_type=\"widget\" data-widget_type=\"button.default\">\n\t\t\t\t<div class=\"elementor-widget-container\">\n\t\t\t\t\t\t\t\t\t<div class=\"elementor-button-wrapper\">\n\t\t\t\t\t<a class=\"elementor-button elementor-button-link elementor-size-sm\" href=\"https:\/\/wetumtum.pt\/festivalpapagaio\/3-de-maio-25\/\">\n\t\t\t\t\t\t<span class=\"elementor-button-content-wrapper\">\n\t\t\t\t\t\t\t\t\t<span class=\"elementor-button-text\">3 de maio<\/span>\n\t\t\t\t\t<\/span>\n\t\t\t\t\t<\/a>\n\t\t\t\t<\/div>\n\t\t\t\t\t\t\t\t<\/div>\n\t\t\t\t<\/div>\n\t\t\t\t\t<\/div>\n\t\t<\/div>\n\t\t\t\t<div class=\"elementor-column elementor-col-25 elementor-top-column elementor-element elementor-element-7874b903\" data-id=\"7874b903\" data-element_type=\"column\">\n\t\t\t<div class=\"elementor-widget-wrap elementor-element-populated\">\n\t\t\t\t\t\t<div class=\"elementor-element elementor-element-598c067f elementor-align-right elementor-widget elementor-widget-button\" data-id=\"598c067f\" data-element_type=\"widget\" data-widget_type=\"button.default\">\n\t\t\t\t<div class=\"elementor-widget-container\">\n\t\t\t\t\t\t\t\t\t<div class=\"elementor-button-wrapper\">\n\t\t\t\t\t<a class=\"elementor-button elementor-button-link elementor-size-sm\" href=\"https:\/\/wetumtum.pt\/festivalpapagaio\/4-de-maio-25\/\">\n\t\t\t\t\t\t<span class=\"elementor-button-content-wrapper\">\n\t\t\t\t\t\t\t\t\t<span class=\"elementor-button-text\">4 de maio<\/span>\n\t\t\t\t\t<\/span>\n\t\t\t\t\t<\/a>\n\t\t\t\t<\/div>\n\t\t\t\t\t\t\t\t<\/div>\n\t\t\t\t<\/div>\n\t\t\t\t\t<\/div>\n\t\t<\/div>\n\t\t\t\t\t<\/div>\n\t\t<\/section>\n\t\t\t\t<section class=\"elementor-section elementor-top-section elementor-element elementor-element-5f24976 elementor-section-stretched elementor-section-boxed elementor-section-height-default elementor-section-height-default\" data-id=\"5f24976\" data-element_type=\"section\" data-settings=\"{&quot;stretch_section&quot;:&quot;section-stretched&quot;,&quot;background_background&quot;:&quot;classic&quot;,&quot;shape_divider_top&quot;:&quot;triangle-asymmetrical&quot;,&quot;shape_divider_top_negative&quot;:&quot;yes&quot;,&quot;shape_divider_bottom&quot;:&quot;triangle-asymmetrical&quot;}\">\n\t\t\t\t\t<div class=\"elementor-shape elementor-shape-top\" data-negative=\"true\">\n\t\t\t<svg xmlns=\"http:\/\/www.w3.org\/2000\/svg\" viewBox=\"0 0 1000 100\" preserveAspectRatio=\"none\">\n\t<path class=\"elementor-shape-fill\" d=\"M737.9,94.7L0,0v100h1000V0L737.9,94.7z\"\/>\n<\/svg>\t\t<\/div>\n\t\t\t\t<div class=\"elementor-shape elementor-shape-bottom\" data-negative=\"false\">\n\t\t\t<svg xmlns=\"http:\/\/www.w3.org\/2000\/svg\" viewBox=\"0 0 1000 100\" preserveAspectRatio=\"none\">\n\t<path class=\"elementor-shape-fill\" d=\"M738,99l262-93V0H0v5.6L738,99z\"\/>\n<\/svg>\t\t<\/div>\n\t\t\t\t\t<div class=\"elementor-container elementor-column-gap-default\">\n\t\t\t\t\t<div class=\"elementor-column elementor-col-33 elementor-top-column elementor-element elementor-element-ee8d7ec elementor-invisible\" data-id=\"ee8d7ec\" data-element_type=\"column\" data-settings=\"{&quot;animation&quot;:&quot;fadeIn&quot;}\">\n\t\t\t<div class=\"elementor-widget-wrap elementor-element-populated\">\n\t\t\t\t\t\t<div class=\"elementor-element elementor-element-f7403c9 elementor-widget elementor-widget-spacer\" data-id=\"f7403c9\" data-element_type=\"widget\" data-widget_type=\"spacer.default\">\n\t\t\t\t<div class=\"elementor-widget-container\">\n\t\t\t\t\t\t\t<div class=\"elementor-spacer\">\n\t\t\t<div class=\"elementor-spacer-inner\"><\/div>\n\t\t<\/div>\n\t\t\t\t\t\t<\/div>\n\t\t\t\t<\/div>\n\t\t\t\t<div class=\"elementor-element elementor-element-e2b80ec e-transform elementor-hidden-tablet elementor-widget elementor-widget-image\" data-id=\"e2b80ec\" data-element_type=\"widget\" data-settings=\"{&quot;_transform_rotateZ_effect_mobile&quot;:{&quot;unit&quot;:&quot;px&quot;,&quot;size&quot;:90,&quot;sizes&quot;:[]},&quot;_transform_rotateZ_effect&quot;:{&quot;unit&quot;:&quot;px&quot;,&quot;size&quot;:&quot;&quot;,&quot;sizes&quot;:[]},&quot;_transform_rotateZ_effect_tablet&quot;:{&quot;unit&quot;:&quot;deg&quot;,&quot;size&quot;:&quot;&quot;,&quot;sizes&quot;:[]}}\" data-widget_type=\"image.default\">\n\t\t\t\t<div class=\"elementor-widget-container\">\n\t\t\t\t\t\t\t\t\t\t\t\t\t\t\t<img decoding=\"async\" src=\"https:\/\/wetumtum.pt\/festivalpapagaio\/wp-content\/uploads\/elementor\/thumbs\/instalacao-r3uuls15hjwa82bsw7oekdn4w19qxup4cnma4sud2w.png\" title=\"instalacao\" alt=\"instalacao\" loading=\"lazy\" \/>\t\t\t\t\t\t\t\t\t\t\t\t\t\t\t<\/div>\n\t\t\t\t<\/div>\n\t\t\t\t\t<\/div>\n\t\t<\/div>\n\t\t\t\t<div class=\"elementor-column elementor-col-33 elementor-top-column elementor-element elementor-element-5393360 elementor-invisible\" data-id=\"5393360\" data-element_type=\"column\" data-settings=\"{&quot;animation&quot;:&quot;fadeIn&quot;}\">\n\t\t\t<div class=\"elementor-widget-wrap elementor-element-populated\">\n\t\t\t\t\t\t<div class=\"elementor-element elementor-element-4c2458b elementor-widget elementor-widget-spacer\" data-id=\"4c2458b\" data-element_type=\"widget\" data-widget_type=\"spacer.default\">\n\t\t\t\t<div class=\"elementor-widget-container\">\n\t\t\t\t\t\t\t<div class=\"elementor-spacer\">\n\t\t\t<div class=\"elementor-spacer-inner\"><\/div>\n\t\t<\/div>\n\t\t\t\t\t\t<\/div>\n\t\t\t\t<\/div>\n\t\t\t\t<div class=\"elementor-element elementor-element-2aa40a6 elementor-widget elementor-widget-text-editor\" data-id=\"2aa40a6\" data-element_type=\"widget\" data-widget_type=\"text-editor.default\">\n\t\t\t\t<div class=\"elementor-widget-container\">\n\t\t\t\t\t\t\t\t\t<p><strong>P\u00fablico:<\/strong><br \/>para todos<\/p><p><b>Dia:<br \/><\/b>3 e 4 de Maio<\/p><p><strong>Dura\u00e7\u00e3o:<br \/><\/strong>Sess\u00f5es de 15 em 15 minutos<\/p><p><strong>Local:<br \/><\/strong>P\u00e1tio Interior, Vista Alegre<\/p><p><strong>Hor\u00e1rios:<br \/><\/strong>10h-13h<br \/>15h-18h<\/p><p><strong>Bilhetes:<\/strong><br \/>Gratuito<\/p>\t\t\t\t\t\t\t\t<\/div>\n\t\t\t\t<\/div>\n\t\t\t\t\t<\/div>\n\t\t<\/div>\n\t\t\t\t<div class=\"elementor-column elementor-col-33 elementor-top-column elementor-element elementor-element-96f6a24\" data-id=\"96f6a24\" data-element_type=\"column\">\n\t\t\t<div class=\"elementor-widget-wrap elementor-element-populated\">\n\t\t\t\t\t\t<div class=\"elementor-element elementor-element-9579572 elementor-widget elementor-widget-spacer\" data-id=\"9579572\" data-element_type=\"widget\" data-widget_type=\"spacer.default\">\n\t\t\t\t<div class=\"elementor-widget-container\">\n\t\t\t\t\t\t\t<div class=\"elementor-spacer\">\n\t\t\t<div class=\"elementor-spacer-inner\"><\/div>\n\t\t<\/div>\n\t\t\t\t\t\t<\/div>\n\t\t\t\t<\/div>\n\t\t\t\t<div class=\"elementor-element elementor-element-00d1307 elementor-hidden-mobile elementor-hidden-desktop elementor-hidden-tablet elementor-widget elementor-widget-heading\" data-id=\"00d1307\" data-element_type=\"widget\" data-widget_type=\"heading.default\">\n\t\t\t\t<div class=\"elementor-widget-container\">\n\t\t\t\t\t<h2 class=\"elementor-heading-title elementor-size-default\">Titirisc\u00f3pio<\/h2>\t\t\t\t<\/div>\n\t\t\t\t<\/div>\n\t\t\t\t<div class=\"elementor-element elementor-element-f297c78 elementor-widget elementor-widget-sober-image-slider\" data-id=\"f297c78\" data-element_type=\"widget\" data-settings=\"{&quot;autoplay&quot;:&quot;yes&quot;,&quot;autoplay_speed&quot;:5000,&quot;loop&quot;:&quot;yes&quot;}\" data-widget_type=\"sober-image-slider.default\">\n\t\t\t\t<div class=\"elementor-widget-container\">\n\t\t\t\t\t\t\t<div class=\"sober-image-slider\">\n\t\t\t<div class=\"sober-image-slider__item\"><a ><img decoding=\"async\" alt=\"\" src=\"https:\/\/wetumtum.pt\/festivalpapagaio\/wp-content\/uploads\/2025\/04\/TITIRIS-8b.jpg\" class=\"skip-lazy\"><\/a><\/div><div class=\"sober-image-slider__item\"><a ><img decoding=\"async\" alt=\"\" src=\"https:\/\/wetumtum.pt\/festivalpapagaio\/wp-content\/uploads\/2025\/04\/TITIRIS-8.jpg\" class=\"skip-lazy\"><\/a><\/div><div class=\"sober-image-slider__item\"><a ><img decoding=\"async\" alt=\"\" src=\"https:\/\/wetumtum.pt\/festivalpapagaio\/wp-content\/uploads\/2025\/04\/TITIRIS-7.jpg\" class=\"skip-lazy\"><\/a><\/div><div class=\"sober-image-slider__item\"><a ><img decoding=\"async\" alt=\"\" src=\"https:\/\/wetumtum.pt\/festivalpapagaio\/wp-content\/uploads\/2025\/04\/TITIRIS-1.jpg\" class=\"skip-lazy\"><\/a><\/div>\t\t<\/div>\n\t\t\t\t\t\t<\/div>\n\t\t\t\t<\/div>\n\t\t\t\t<div class=\"elementor-element elementor-element-218cdd8 elementor-widget elementor-widget-text-editor\" data-id=\"218cdd8\" data-element_type=\"widget\" data-widget_type=\"text-editor.default\">\n\t\t\t\t<div class=\"elementor-widget-container\">\n\t\t\t\t\t\t\t\t\t<p>O Titirisc\u00f3pio n\u00e3o \u00e9 um espet\u00e1culo, \u00e9 um dispositivo c\u00eanico \u00fanico. Ele utiliza todos os recursos teatrais dos grandes palcos (ilumina\u00e7\u00e3o, som, cenografia, mecanismos complexos, etc.) em um espa\u00e7o muito reduzido. <br><br>No seu interior: teatro de objetos e ator, marionetes de sombra, fantasmagorias. Tudo cabe na nossa pequena caixa m\u00e1gica. As pe\u00e7as s\u00e3o pequenas obras de 5 a 8 minutos.<br><br><\/p>\t\t\t\t\t\t\t\t<\/div>\n\t\t\t\t<\/div>\n\t\t\t\t<div class=\"elementor-element elementor-element-72244ca elementor-widget elementor-widget-spacer\" data-id=\"72244ca\" data-element_type=\"widget\" data-widget_type=\"spacer.default\">\n\t\t\t\t<div class=\"elementor-widget-container\">\n\t\t\t\t\t\t\t<div class=\"elementor-spacer\">\n\t\t\t<div class=\"elementor-spacer-inner\"><\/div>\n\t\t<\/div>\n\t\t\t\t\t\t<\/div>\n\t\t\t\t<\/div>\n\t\t\t\t\t<\/div>\n\t\t<\/div>\n\t\t\t\t\t<\/div>\n\t\t<\/section>\n\t\t\t\t<section class=\"elementor-section elementor-top-section elementor-element elementor-element-53aef23 elementor-section-boxed elementor-section-height-default elementor-section-height-default\" data-id=\"53aef23\" data-element_type=\"section\">\n\t\t\t\t\t\t<div class=\"elementor-container elementor-column-gap-default\">\n\t\t\t\t\t<div class=\"elementor-column elementor-col-100 elementor-top-column elementor-element elementor-element-3f35e1f\" data-id=\"3f35e1f\" data-element_type=\"column\">\n\t\t\t<div class=\"elementor-widget-wrap elementor-element-populated\">\n\t\t\t\t\t\t<div class=\"elementor-element elementor-element-225b2be elementor-widget elementor-widget-text-editor\" data-id=\"225b2be\" data-element_type=\"widget\" data-widget_type=\"text-editor.default\">\n\t\t\t\t<div class=\"elementor-widget-container\">\n\t\t\t\t\t\t\t\t\t<h4><b>Ficha art\u00edstica<\/b><\/h4><p><b>Int\u00e9rpretes:<\/b><span style=\"font-weight: 400;\"> <br \/>F\u00e9lix Mu\u00f1iz y Jorge da Rocha<\/span><\/p><p><b>Autor\u00eda:<\/b><span style=\"font-weight: 400;\"> <br \/>Jorge da Rocha<\/span><\/p><p><b>Direcci\u00f3n:<\/b><span style=\"font-weight: 400;\"> <br \/>Jorge da Rocha<\/span><\/p><p><b>T\u00edteres:<\/b><span style=\"font-weight: 400;\"> <br \/>F\u00e9lix Mu\u00f1iz<\/span><\/p><p><b>Iluminaci\u00f3n:<\/b><span style=\"font-weight: 400;\"> <br \/>Alberto Olegario Gonz\u00e1lez \/ Sensei Multimedia<\/span><\/p><p><b>Construcci\u00f3n:<\/b><span style=\"font-weight: 400;\"> <br \/>Gabriel Benito y Dr. Crea.<\/span><\/p><p><b>Hologramas:<\/b><span style=\"font-weight: 400;\"> <br \/><a href=\"https:\/\/www.arawake.com\/\" target=\"_blank\" rel=\"noopener\">Arawake Theatre<\/a><\/span><\/p><p><b>Dise\u00f1o gr\u00e1fico:<\/b><span style=\"font-weight: 400;\"> <br \/>Goyo Rodr\u00edguez<\/span><span style=\"font-weight: 400;\"><br \/><\/span><b><br \/>Producci\u00f3n:<\/b><span style=\"font-weight: 400;\"> <br \/><a href=\"https:\/\/www.arawake.com\/\" target=\"_blank\" rel=\"noopener\">Arawake Theatre<\/a><\/span><\/p>\t\t\t\t\t\t\t\t<\/div>\n\t\t\t\t<\/div>\n\t\t\t\t\t<\/div>\n\t\t<\/div>\n\t\t\t\t\t<\/div>\n\t\t<\/section>\n\t\t\t\t<\/div>\n\t\t","protected":false},"excerpt":{"rendered":"<p>3 de maio 4 de maio P\u00fablico:para todos Dia:3 e 4 de Maio Dura\u00e7\u00e3o:Sess\u00f5es de&hellip;<\/p>\n","protected":false},"author":1,"featured_media":0,"parent":0,"menu_order":0,"comment_status":"closed","ping_status":"closed","template":"","meta":{"footnotes":""},"class_list":["post-7027","page","type-page","status-publish","hentry"],"_links":{"self":[{"href":"https:\/\/wetumtum.pt\/festivalpapagaio\/wp-json\/wp\/v2\/pages\/7027","targetHints":{"allow":["GET"]}}],"collection":[{"href":"https:\/\/wetumtum.pt\/festivalpapagaio\/wp-json\/wp\/v2\/pages"}],"about":[{"href":"https:\/\/wetumtum.pt\/festivalpapagaio\/wp-json\/wp\/v2\/types\/page"}],"author":[{"embeddable":true,"href":"https:\/\/wetumtum.pt\/festivalpapagaio\/wp-json\/wp\/v2\/users\/1"}],"replies":[{"embeddable":true,"href":"https:\/\/wetumtum.pt\/festivalpapagaio\/wp-json\/wp\/v2\/comments?post=7027"}],"version-history":[{"count":26,"href":"https:\/\/wetumtum.pt\/festivalpapagaio\/wp-json\/wp\/v2\/pages\/7027\/revisions"}],"predecessor-version":[{"id":7531,"href":"https:\/\/wetumtum.pt\/festivalpapagaio\/wp-json\/wp\/v2\/pages\/7027\/revisions\/7531"}],"wp:attachment":[{"href":"https:\/\/wetumtum.pt\/festivalpapagaio\/wp-json\/wp\/v2\/media?parent=7027"}],"curies":[{"name":"wp","href":"https:\/\/api.w.org\/{rel}","templated":true}]}}