{"id":7305,"date":"2025-04-08T10:46:45","date_gmt":"2025-04-08T10:46:45","guid":{"rendered":"https:\/\/wetumtum.pt\/festivalpapagaio\/?page_id=7305"},"modified":"2025-04-14T12:42:15","modified_gmt":"2025-04-14T12:42:15","slug":"oficinas-vista-alegre","status":"publish","type":"page","link":"https:\/\/wetumtum.pt\/festivalpapagaio\/oficinas-vista-alegre\/","title":{"rendered":"Oficinas Vista Alegre"},"content":{"rendered":"\t\t<div data-elementor-type=\"wp-page\" data-elementor-id=\"7305\" class=\"elementor elementor-7305\">\n\t\t\t\t\t\t<section class=\"elementor-section elementor-top-section elementor-element elementor-element-e6c63cd elementor-section-stretched elementor-section-boxed elementor-section-height-default elementor-section-height-default\" data-id=\"e6c63cd\" data-element_type=\"section\" data-settings=\"{&quot;stretch_section&quot;:&quot;section-stretched&quot;}\">\n\t\t\t\t\t\t<div class=\"elementor-container elementor-column-gap-default\">\n\t\t\t\t\t<div class=\"elementor-column elementor-col-50 elementor-top-column elementor-element elementor-element-769e8fa4\" data-id=\"769e8fa4\" data-element_type=\"column\">\n\t\t\t<div class=\"elementor-widget-wrap\">\n\t\t\t\t\t\t\t<\/div>\n\t\t<\/div>\n\t\t\t\t<div class=\"elementor-column elementor-col-25 elementor-top-column elementor-element elementor-element-5eea5517\" data-id=\"5eea5517\" data-element_type=\"column\">\n\t\t\t<div class=\"elementor-widget-wrap elementor-element-populated\">\n\t\t\t\t\t\t<div class=\"elementor-element elementor-element-1c2f0118 elementor-align-right elementor-widget elementor-widget-button\" data-id=\"1c2f0118\" data-element_type=\"widget\" data-widget_type=\"button.default\">\n\t\t\t\t<div class=\"elementor-widget-container\">\n\t\t\t\t\t\t\t\t\t<div class=\"elementor-button-wrapper\">\n\t\t\t\t\t<a class=\"elementor-button elementor-button-link elementor-size-sm\" href=\"https:\/\/wetumtum.pt\/festivalpapagaio\/3-de-maio-25\/\">\n\t\t\t\t\t\t<span class=\"elementor-button-content-wrapper\">\n\t\t\t\t\t\t\t\t\t<span class=\"elementor-button-text\">3 de maio<\/span>\n\t\t\t\t\t<\/span>\n\t\t\t\t\t<\/a>\n\t\t\t\t<\/div>\n\t\t\t\t\t\t\t\t<\/div>\n\t\t\t\t<\/div>\n\t\t\t\t\t<\/div>\n\t\t<\/div>\n\t\t\t\t<div class=\"elementor-column elementor-col-25 elementor-top-column elementor-element elementor-element-275fea1d\" data-id=\"275fea1d\" data-element_type=\"column\">\n\t\t\t<div class=\"elementor-widget-wrap elementor-element-populated\">\n\t\t\t\t\t\t<div class=\"elementor-element elementor-element-5c3cde9d elementor-align-right elementor-widget elementor-widget-button\" data-id=\"5c3cde9d\" data-element_type=\"widget\" data-widget_type=\"button.default\">\n\t\t\t\t<div class=\"elementor-widget-container\">\n\t\t\t\t\t\t\t\t\t<div class=\"elementor-button-wrapper\">\n\t\t\t\t\t<a class=\"elementor-button elementor-button-link elementor-size-sm\" href=\"https:\/\/wetumtum.pt\/festivalpapagaio\/4-de-maio-25\/\">\n\t\t\t\t\t\t<span class=\"elementor-button-content-wrapper\">\n\t\t\t\t\t\t\t\t\t<span class=\"elementor-button-text\">4 de maio<\/span>\n\t\t\t\t\t<\/span>\n\t\t\t\t\t<\/a>\n\t\t\t\t<\/div>\n\t\t\t\t\t\t\t\t<\/div>\n\t\t\t\t<\/div>\n\t\t\t\t\t<\/div>\n\t\t<\/div>\n\t\t\t\t\t<\/div>\n\t\t<\/section>\n\t\t\t\t<section class=\"elementor-section elementor-top-section elementor-element elementor-element-5f24976 elementor-section-stretched elementor-section-boxed elementor-section-height-default elementor-section-height-default\" data-id=\"5f24976\" data-element_type=\"section\" data-settings=\"{&quot;stretch_section&quot;:&quot;section-stretched&quot;,&quot;background_background&quot;:&quot;classic&quot;,&quot;shape_divider_top&quot;:&quot;triangle-asymmetrical&quot;,&quot;shape_divider_top_negative&quot;:&quot;yes&quot;,&quot;shape_divider_bottom&quot;:&quot;triangle-asymmetrical&quot;}\">\n\t\t\t\t\t<div class=\"elementor-shape elementor-shape-top\" data-negative=\"true\">\n\t\t\t<svg xmlns=\"http:\/\/www.w3.org\/2000\/svg\" viewBox=\"0 0 1000 100\" preserveAspectRatio=\"none\">\n\t<path class=\"elementor-shape-fill\" d=\"M737.9,94.7L0,0v100h1000V0L737.9,94.7z\"\/>\n<\/svg>\t\t<\/div>\n\t\t\t\t<div class=\"elementor-shape elementor-shape-bottom\" data-negative=\"false\">\n\t\t\t<svg xmlns=\"http:\/\/www.w3.org\/2000\/svg\" viewBox=\"0 0 1000 100\" preserveAspectRatio=\"none\">\n\t<path class=\"elementor-shape-fill\" d=\"M738,99l262-93V0H0v5.6L738,99z\"\/>\n<\/svg>\t\t<\/div>\n\t\t\t\t\t<div class=\"elementor-container elementor-column-gap-default\">\n\t\t\t\t\t<div class=\"elementor-column elementor-col-33 elementor-top-column elementor-element elementor-element-64233a4 elementor-invisible\" data-id=\"64233a4\" data-element_type=\"column\" data-settings=\"{&quot;animation&quot;:&quot;fadeIn&quot;}\">\n\t\t\t<div class=\"elementor-widget-wrap elementor-element-populated\">\n\t\t\t\t\t\t<div class=\"elementor-element elementor-element-4dfd04a elementor-widget elementor-widget-spacer\" data-id=\"4dfd04a\" data-element_type=\"widget\" data-widget_type=\"spacer.default\">\n\t\t\t\t<div class=\"elementor-widget-container\">\n\t\t\t\t\t\t\t<div class=\"elementor-spacer\">\n\t\t\t<div class=\"elementor-spacer-inner\"><\/div>\n\t\t<\/div>\n\t\t\t\t\t\t<\/div>\n\t\t\t\t<\/div>\n\t\t\t\t<div class=\"elementor-element elementor-element-2c24ba0 e-transform elementor-hidden-tablet elementor-widget elementor-widget-image\" data-id=\"2c24ba0\" data-element_type=\"widget\" data-settings=\"{&quot;_transform_rotateZ_effect_mobile&quot;:{&quot;unit&quot;:&quot;px&quot;,&quot;size&quot;:90,&quot;sizes&quot;:[]},&quot;_transform_rotateZ_effect&quot;:{&quot;unit&quot;:&quot;px&quot;,&quot;size&quot;:&quot;&quot;,&quot;sizes&quot;:[]},&quot;_transform_rotateZ_effect_tablet&quot;:{&quot;unit&quot;:&quot;deg&quot;,&quot;size&quot;:&quot;&quot;,&quot;sizes&quot;:[]}}\" data-widget_type=\"image.default\">\n\t\t\t\t<div class=\"elementor-widget-container\">\n\t\t\t\t\t\t\t\t\t\t\t\t\t\t\t<img decoding=\"async\" src=\"https:\/\/wetumtum.pt\/festivalpapagaio\/wp-content\/uploads\/elementor\/thumbs\/workshop-r3uultwtv7yuva92l8hnpd622t0hd8wl0wx93crkqg.png\" title=\"workshop\" alt=\"workshop\" loading=\"lazy\" \/>\t\t\t\t\t\t\t\t\t\t\t\t\t\t\t<\/div>\n\t\t\t\t<\/div>\n\t\t\t\t\t<\/div>\n\t\t<\/div>\n\t\t\t\t<div class=\"elementor-column elementor-col-33 elementor-top-column elementor-element elementor-element-ee8d7ec\" data-id=\"ee8d7ec\" data-element_type=\"column\">\n\t\t\t<div class=\"elementor-widget-wrap elementor-element-populated\">\n\t\t\t\t\t\t<div class=\"elementor-element elementor-element-d7e1e35 elementor-widget elementor-widget-spacer\" data-id=\"d7e1e35\" data-element_type=\"widget\" data-widget_type=\"spacer.default\">\n\t\t\t\t<div class=\"elementor-widget-container\">\n\t\t\t\t\t\t\t<div class=\"elementor-spacer\">\n\t\t\t<div class=\"elementor-spacer-inner\"><\/div>\n\t\t<\/div>\n\t\t\t\t\t\t<\/div>\n\t\t\t\t<\/div>\n\t\t\t\t<div class=\"elementor-element elementor-element-94b6a2f elementor-widget elementor-widget-text-editor\" data-id=\"94b6a2f\" data-element_type=\"widget\" data-widget_type=\"text-editor.default\">\n\t\t\t\t<div class=\"elementor-widget-container\">\n\t\t\t\t\t\t\t\t\t<p><strong>P\u00fablico:<br \/><\/strong>Fam\u00edlias<\/p><p><b>Dia:<br \/><\/b>3 e 4 de maio<\/p><p><strong>Local:<br \/><\/strong>Creche\u00a0<\/p><p><strong>Hor\u00e1rios:<br \/><\/strong>Permanente das 10h \u00e0s 17h30<\/p><p><strong>Produ\u00e7\u00e3o:<\/strong> <br \/>Vista Alegre<\/p>\t\t\t\t\t\t\t\t<\/div>\n\t\t\t\t<\/div>\n\t\t\t\t\t<\/div>\n\t\t<\/div>\n\t\t\t\t<div class=\"elementor-column elementor-col-33 elementor-top-column elementor-element elementor-element-96f6a24\" data-id=\"96f6a24\" data-element_type=\"column\">\n\t\t\t<div class=\"elementor-widget-wrap elementor-element-populated\">\n\t\t\t\t\t\t<div class=\"elementor-element elementor-element-ce170a6 elementor-widget elementor-widget-spacer\" data-id=\"ce170a6\" data-element_type=\"widget\" data-widget_type=\"spacer.default\">\n\t\t\t\t<div class=\"elementor-widget-container\">\n\t\t\t\t\t\t\t<div class=\"elementor-spacer\">\n\t\t\t<div class=\"elementor-spacer-inner\"><\/div>\n\t\t<\/div>\n\t\t\t\t\t\t<\/div>\n\t\t\t\t<\/div>\n\t\t\t\t<div class=\"elementor-element elementor-element-212b57b elementor-widget elementor-widget-spacer\" data-id=\"212b57b\" data-element_type=\"widget\" data-widget_type=\"spacer.default\">\n\t\t\t\t<div class=\"elementor-widget-container\">\n\t\t\t\t\t\t\t<div class=\"elementor-spacer\">\n\t\t\t<div class=\"elementor-spacer-inner\"><\/div>\n\t\t<\/div>\n\t\t\t\t\t\t<\/div>\n\t\t\t\t<\/div>\n\t\t\t\t<div class=\"elementor-element elementor-element-6645609 eael-pricing-content-align-left eael-pricing-button-align-left elementor-widget elementor-widget-eael-pricing-table\" data-id=\"6645609\" data-element_type=\"widget\" data-widget_type=\"eael-pricing-table.default\">\n\t\t\t\t<div class=\"elementor-widget-container\">\n\t\t\t\t\t                    <div class=\"eael-pricing style-1\" >\n                <div class=\"eael-pricing-item featured ribbon-2\">\n                    <div class=\"header\">\n                        <h2 class=\"title\">Deixa a tua marca<\/h2>\n                    <\/div>\n                    <div class=\"eael-pricing-tag\">\n                        <span class=\"price-tag\"><span class=\"original-price\"><span class=\"price-currency\"><\/span><\/span><\/span><span class=\"price-period\"><\/span>                    <\/div>\n                    <div class=\"body\">\n                                <ul>\n                            <li class=\"elementor-repeater-item-4777682\">\n                    \n                                <span class=\"li-icon\">\n                <i aria-hidden=\"true\" class=\"fas fa-chevron-right\"><\/i>            <\/span>\n\n        \n                    <span >3 Maio \u00e0s 10h00<\/span>\n                    \n                     \n                <\/li>\n                            <li class=\"elementor-repeater-item-bfa9573\">\n                    \n                                <span class=\"li-icon\">\n                <i aria-hidden=\"true\" class=\"fas fa-chevron-right\"><\/i>            <\/span>\n\n        \n                    <span >Vamos marcar a tua cer\u00e2mica.<\/span>\n                    \n                     \n                <\/li>\n                            <li class=\"elementor-repeater-item-24c1649\">\n                    \n                                <span class=\"li-icon\">\n                <i aria-hidden=\"true\" class=\"fas fa-chevron-right\"><\/i>            <\/span>\n\n        \n                    <span >Dura\u00e7\u00e3o: 1h<\/span>\n                    \n                     \n                <\/li>\n                    <\/ul>\n                        <\/div>\n\t                                    <div class=\"footer\">\n                        <a class=\"eael-pricing-button\" href=\"https:\/\/vistaalegre.com\/pt\/t\/vaa_VisiteMuseudaVistaAlegre_HorarioseBilhetes-4\" target=\"_blank\" >\n                                                                                            Inscrever                                                    <\/a>\n                    <\/div>\n                                    <\/div>\n            <\/div>\n                    \t\t\t\t<\/div>\n\t\t\t\t<\/div>\n\t\t\t\t<div class=\"elementor-element elementor-element-1e73a27 eael-pricing-content-align-left eael-pricing-button-align-left elementor-widget elementor-widget-eael-pricing-table\" data-id=\"1e73a27\" data-element_type=\"widget\" data-widget_type=\"eael-pricing-table.default\">\n\t\t\t\t<div class=\"elementor-widget-container\">\n\t\t\t\t\t                    <div class=\"eael-pricing style-1\" >\n                <div class=\"eael-pricing-item featured ribbon-2\">\n                    <div class=\"header\">\n                        <h2 class=\"title\">Papagaio ao<br \/> n\u00e3o vento<\/h2>\n                    <\/div>\n                    <div class=\"eael-pricing-tag\">\n                        <span class=\"price-tag\"><span class=\"original-price\"><span class=\"price-currency\"><\/span><\/span><\/span><span class=\"price-period\"><\/span>                    <\/div>\n                    <div class=\"body\">\n                                <ul>\n                            <li class=\"elementor-repeater-item-4777682\">\n                    \n                                <span class=\"li-icon\">\n                <i aria-hidden=\"true\" class=\"fas fa-chevron-right\"><\/i>            <\/span>\n\n        \n                    <span >4 Maio \u00e0s 15h00<\/span>\n                    \n                     \n                <\/li>\n                            <li class=\"elementor-repeater-item-bfa9573\">\n                    \n                                <span class=\"li-icon\">\n                <i aria-hidden=\"true\" class=\"fas fa-chevron-right\"><\/i>            <\/span>\n\n        \n                    <span >Queres ter um papagaio a ondular e colorir o teu quarto o ano todo? <\/span>\n                    \n                     \n                <\/li>\n                            <li class=\"elementor-repeater-item-24c1649\">\n                    \n                                <span class=\"li-icon\">\n                <i aria-hidden=\"true\" class=\"fas fa-chevron-right\"><\/i>            <\/span>\n\n        \n                    <span >Dura\u00e7\u00e3o: 1h<\/span>\n                    \n                     \n                <\/li>\n                    <\/ul>\n                        <\/div>\n\t                                    <div class=\"footer\">\n                        <a class=\"eael-pricing-button\" href=\"https:\/\/vistaalegre.com\/pt\/t\/vaa_VisiteMuseudaVistaAlegre_HorarioseBilhetes-4\" target=\"_blank\" >\n                                                                                            Inscrever                                                    <\/a>\n                    <\/div>\n                                    <\/div>\n            <\/div>\n                    \t\t\t\t<\/div>\n\t\t\t\t<\/div>\n\t\t\t\t<div class=\"elementor-element elementor-element-fdc619b eael-pricing-content-align-left eael-pricing-button-align-left elementor-widget elementor-widget-eael-pricing-table\" data-id=\"fdc619b\" data-element_type=\"widget\" data-widget_type=\"eael-pricing-table.default\">\n\t\t\t\t<div class=\"elementor-widget-container\">\n\t\t\t\t\t                    <div class=\"eael-pricing style-1\" >\n                <div class=\"eael-pricing-item featured ribbon-2\">\n                    <div class=\"header\">\n                        <h2 class=\"title\">Oficinas Criativas<\/h2>\n                    <\/div>\n                    <div class=\"eael-pricing-tag\">\n                        <span class=\"price-tag\"><span class=\"original-price\"><span class=\"price-currency\"><\/span><\/span><\/span><span class=\"price-period\"><\/span>                    <\/div>\n                    <div class=\"body\">\n                                <ul>\n                            <li class=\"elementor-repeater-item-4777682\">\n                    \n                                <span class=\"li-icon\">\n                <i aria-hidden=\"true\" class=\"fas fa-chevron-right\"><\/i>            <\/span>\n\n        \n                    <span >3 e 4 de Maio das 10h \u00e1s 13h e das 14h \u00e1s 17h<\/span>\n                    \n                     \n                <\/li>\n                            <li class=\"elementor-repeater-item-bfa9573\">\n                    \n                                <span class=\"li-icon\">\n                <i aria-hidden=\"true\" class=\"fas fa-chevron-right\"><\/i>            <\/span>\n\n        \n                    <span >Oficinas livres de pintura e\/ou olaria, para todas as idades, que privilegiam o contato com o material cer\u00e2mico, atrav\u00e9s da pintura ou modela\u00e7\u00e3o da pasta. <br \/><br \/>Oficina de pintura: Tintas Acr\u00edlicas: a partir de 13,00\u20ac\/ pe\u00e7a (ap\u00f3s a conclus\u00e3o da oficina, cada participante leva a pe\u00e7a feita por si). Tintas cer\u00e2micas: a partir de 16,00\u20ac\/ pe\u00e7a (depois de cozida a pe\u00e7a poder\u00e1 ser levanta no Museu num prazo de 15 dias \u00fateis ou poder\u00e1 ser entregue ao domic\u00edlio (acresce os portes de envio).<br \/><br \/>  Oficina de Olaria: Bilhete Individual: 8,00\u20ac. Bilhete Fam\u00edlia: 24,00\u20ac (2 adultos e at\u00e9 2 crian\u00e7as &lt; 18 anos)<\/span>\n                    \n                     \n                <\/li>\n                            <li class=\"elementor-repeater-item-24c1649\">\n                    \n                                <span class=\"li-icon\">\n                <i aria-hidden=\"true\" class=\"fas fa-chevron-right\"><\/i>            <\/span>\n\n        \n                    <span >Dura\u00e7\u00e3o: 45m<\/span>\n                    \n                     \n                <\/li>\n                    <\/ul>\n                        <\/div>\n\t                                    <div class=\"footer\">\n                        <a class=\"eael-pricing-button\" href=\"https:\/\/vistaalegre.com\/pt\/t\/vaa_VisiteMuseudaVistaAlegre_HorarioseBilhetes-4\" target=\"_blank\" >\n                                                                                            Mais informa\u00e7\u00f5es\/ Inscri\u00e7\u00e3o                                                    <\/a>\n                    <\/div>\n                                    <\/div>\n            <\/div>\n                    \t\t\t\t<\/div>\n\t\t\t\t<\/div>\n\t\t\t\t<div class=\"elementor-element elementor-element-e4f4a74 elementor-widget elementor-widget-spacer\" data-id=\"e4f4a74\" data-element_type=\"widget\" data-widget_type=\"spacer.default\">\n\t\t\t\t<div class=\"elementor-widget-container\">\n\t\t\t\t\t\t\t<div class=\"elementor-spacer\">\n\t\t\t<div class=\"elementor-spacer-inner\"><\/div>\n\t\t<\/div>\n\t\t\t\t\t\t<\/div>\n\t\t\t\t<\/div>\n\t\t\t\t\t<\/div>\n\t\t<\/div>\n\t\t\t\t\t<\/div>\n\t\t<\/section>\n\t\t\t\t<section class=\"elementor-section elementor-top-section elementor-element elementor-element-53aef23 elementor-section-boxed elementor-section-height-default elementor-section-height-default\" data-id=\"53aef23\" data-element_type=\"section\">\n\t\t\t\t\t\t<div class=\"elementor-container elementor-column-gap-default\">\n\t\t\t\t\t<div class=\"elementor-column elementor-col-100 elementor-top-column elementor-element elementor-element-3f35e1f\" data-id=\"3f35e1f\" data-element_type=\"column\">\n\t\t\t<div class=\"elementor-widget-wrap elementor-element-populated\">\n\t\t\t\t\t\t<div class=\"elementor-element elementor-element-225b2be elementor-widget elementor-widget-text-editor\" data-id=\"225b2be\" data-element_type=\"widget\" data-widget_type=\"text-editor.default\">\n\t\t\t\t<div class=\"elementor-widget-container\">\n\t\t\t\t\t\t\t\t\t<p><strong>Cria\u00e7\u00e3o:<\/strong> <br \/>VISTA ALEGRE<\/p><p><b>Promo\u00e7\u00e3o: <br \/>VISTA ALEGRE<\/b><\/p>\t\t\t\t\t\t\t\t<\/div>\n\t\t\t\t<\/div>\n\t\t\t\t\t<\/div>\n\t\t<\/div>\n\t\t\t\t\t<\/div>\n\t\t<\/section>\n\t\t\t\t<\/div>\n\t\t","protected":false},"excerpt":{"rendered":"<p>3 de maio 4 de maio P\u00fablico:Fam\u00edlias Dia:3 e 4 de maio Local:Creche\u00a0 Hor\u00e1rios:Permanente das&hellip;<\/p>\n","protected":false},"author":1,"featured_media":0,"parent":0,"menu_order":0,"comment_status":"closed","ping_status":"closed","template":"","meta":{"footnotes":""},"class_list":["post-7305","page","type-page","status-publish","hentry"],"_links":{"self":[{"href":"https:\/\/wetumtum.pt\/festivalpapagaio\/wp-json\/wp\/v2\/pages\/7305","targetHints":{"allow":["GET"]}}],"collection":[{"href":"https:\/\/wetumtum.pt\/festivalpapagaio\/wp-json\/wp\/v2\/pages"}],"about":[{"href":"https:\/\/wetumtum.pt\/festivalpapagaio\/wp-json\/wp\/v2\/types\/page"}],"author":[{"embeddable":true,"href":"https:\/\/wetumtum.pt\/festivalpapagaio\/wp-json\/wp\/v2\/users\/1"}],"replies":[{"embeddable":true,"href":"https:\/\/wetumtum.pt\/festivalpapagaio\/wp-json\/wp\/v2\/comments?post=7305"}],"version-history":[{"count":71,"href":"https:\/\/wetumtum.pt\/festivalpapagaio\/wp-json\/wp\/v2\/pages\/7305\/revisions"}],"predecessor-version":[{"id":7830,"href":"https:\/\/wetumtum.pt\/festivalpapagaio\/wp-json\/wp\/v2\/pages\/7305\/revisions\/7830"}],"wp:attachment":[{"href":"https:\/\/wetumtum.pt\/festivalpapagaio\/wp-json\/wp\/v2\/media?parent=7305"}],"curies":[{"name":"wp","href":"https:\/\/api.w.org\/{rel}","templated":true}]}}